{"id":383,"date":"2023-10-17T17:35:13","date_gmt":"2023-10-17T15:35:13","guid":{"rendered":"https:\/\/www.radarquitectura.es\/?page_id=383"},"modified":"2023-10-17T19:33:47","modified_gmt":"2023-10-17T17:33:47","slug":"derechos-reservados","status":"publish","type":"page","link":"https:\/\/www.radarquitectura.es\/?page_id=383","title":{"rendered":"Derechos Reservados"},"content":{"rendered":"\t\t<div data-elementor-type=\"wp-page\" data-elementor-id=\"383\" class=\"elementor elementor-383\" data-elementor-settings=\"{&quot;ha_cmc_init_switcher&quot;:&quot;no&quot;}\">\n\t\t\t\t\t\t<section class=\"elementor-section elementor-top-section elementor-element elementor-element-1356d2f elementor-section-boxed elementor-section-height-default elementor-section-height-default\" data-id=\"1356d2f\" data-element_type=\"section\" data-e-type=\"section\" data-settings=\"{&quot;_ha_eqh_enable&quot;:false}\">\n\t\t\t\t\t\t<div class=\"elementor-container elementor-column-gap-default\">\n\t\t\t\t\t<div class=\"elementor-column elementor-col-100 elementor-top-column elementor-element elementor-element-fad5fc4\" data-id=\"fad5fc4\" data-element_type=\"column\" data-e-type=\"column\">\n\t\t\t<div class=\"elementor-widget-wrap elementor-element-populated\">\n\t\t\t\t\t\t<div class=\"elementor-element elementor-element-5c5d677 elementor-widget elementor-widget-heading\" data-id=\"5c5d677\" data-element_type=\"widget\" data-e-type=\"widget\" data-widget_type=\"heading.default\">\n\t\t\t\t<div class=\"elementor-widget-container\">\n\t\t\t\t\t<h2 class=\"elementor-heading-title elementor-size-default\">DERECHOS RESERVADOS<\/h2>\t\t\t\t<\/div>\n\t\t\t\t<\/div>\n\t\t\t\t\t<\/div>\n\t\t<\/div>\n\t\t\t\t\t<\/div>\n\t\t<\/section>\n\t\t\t\t<section class=\"elementor-section elementor-top-section elementor-element elementor-element-2f50f38 elementor-section-boxed elementor-section-height-default elementor-section-height-default\" data-id=\"2f50f38\" data-element_type=\"section\" data-e-type=\"section\" data-settings=\"{&quot;_ha_eqh_enable&quot;:false}\">\n\t\t\t\t\t\t<div class=\"elementor-container elementor-column-gap-default\">\n\t\t\t\t\t<div class=\"elementor-column elementor-col-100 elementor-top-column elementor-element elementor-element-0981b94\" data-id=\"0981b94\" data-element_type=\"column\" data-e-type=\"column\">\n\t\t\t<div class=\"elementor-widget-wrap elementor-element-populated\">\n\t\t\t\t\t\t<div class=\"elementor-element elementor-element-ffbb948 elementor-widget elementor-widget-text-editor\" data-id=\"ffbb948\" data-element_type=\"widget\" data-e-type=\"widget\" data-widget_type=\"text-editor.default\">\n\t\t\t\t<div class=\"elementor-widget-container\">\n\t\t\t\t\t\t\t\t\t<p><span style=\"color: #000000; font-family: Roboto, sans-serif; font-size: 16px; font-style: normal; font-variant-ligatures: normal; font-variant-caps: normal; font-weight: 400;\">\u00a9 Derechos Reservados 2022 RAD3dstudio Todos los Derechos Reservados.<\/span><\/p>\n<p style=\"font-variant-ligatures: normal; font-variant-caps: normal; font-family: Roboto, sans-serif; font-size: 16px; font-style: normal; font-weight: 400; color: #000000;\">\u00a9 Derechos Reservados 2022 www.rad3d.studio Derechos de Contenido Reservados.<\/p>\n<p style=\"font-variant-ligatures: normal; font-variant-caps: normal; font-family: Roboto, sans-serif; font-size: 16px; font-style: normal; font-weight: 400; color: #000000;\">\n<\/p><p style=\"font-variant-ligatures: normal; font-variant-caps: normal; font-family: Roboto, sans-serif; font-size: 16px; font-style: normal; font-weight: 400; color: #000000;\"><span style=\"font-size: 16px; font-weight: 600;\">DERECHOS DE AUTOR<\/span><\/p>\n<p style=\"font-variant-ligatures: normal; font-variant-caps: normal; font-family: Roboto, sans-serif; font-size: 16px; font-style: normal; font-weight: 400; color: #000000;\">Todos los contenidos de este Sitio (Incluyendo, pero no limitado a, texto, logotipos, contenido, fotograf\u00edas, audio, botones, nombres comerciales y v\u00eddeo) est\u00e1n sujetos a derechos de propiedad por las leyes de Derechos de Autor y dem\u00e1s Leyes relativas Internacionales a RADArquitectura y de terceros titulares de estos que han autorizado debidamente su inclusi\u00f3n.<\/p>\n<p style=\"font-variant-ligatures: normal; font-variant-caps: normal; font-family: Roboto, sans-serif; font-size: 16px; font-style: normal; font-weight: 400; color: #000000;\">\n<\/p><p style=\"font-variant-ligatures: normal; font-variant-caps: normal; font-family: Roboto, sans-serif; font-size: 16px; font-style: normal; font-weight: 400; color: #000000;\">En ning\u00fan caso se entender\u00e1 que se concede licencia alguna o se efect\u00faa renuncia, transmisi\u00f3n, cesi\u00f3n total o parcial de dichos derechos ni se confiere ning\u00fan derecho, y en especial, de alteraci\u00f3n, explotaci\u00f3n, reproducci\u00f3n, distribuci\u00f3n o comunicaci\u00f3n p\u00fablica sobre dichos contenidos sin la previa autorizaci\u00f3n expresa de RAD3dstudio o de los titulares correspondientes.<\/p>\n<p style=\"font-variant-ligatures: normal; font-variant-caps: normal; font-family: Roboto, sans-serif; font-size: 16px; font-style: normal; font-weight: 400; color: #000000;\">\n<\/p><p style=\"font-variant-ligatures: normal; font-variant-caps: normal; font-family: Roboto, sans-serif; font-size: 16px; font-style: normal; font-weight: 400; color: #000000;\">El uso de im\u00e1genes, fragmentos de videos y dem\u00e1s material que sea objeto de protecci\u00f3n de los derechos de autor, ser\u00e1 exclusivamente para fines educativos e informativos, y cualquier uso distinto como el lucro, reproducci\u00f3n, edici\u00f3n o modificaci\u00f3n, ser\u00e1 perseguido y sancionado por el respectivo titular de los Derechos de Autor.<\/p>\n<p style=\"font-variant-ligatures: normal; font-variant-caps: normal; font-family: Roboto, sans-serif; font-size: 16px; font-style: normal; font-weight: 400; color: #000000;\">\n<\/p><p style=\"font-variant-ligatures: normal; font-variant-caps: normal; font-family: Roboto, sans-serif; font-size: 16px; font-style: normal; font-weight: 400; color: #000000;\"><span style=\"font-size: 16px; font-weight: 600;\">DERECHOS DE USO<\/span><\/p>\n<p style=\"font-variant-ligatures: normal; font-variant-caps: normal; font-family: Roboto, sans-serif; font-size: 16px; font-style: normal; font-weight: 400; color: #000000;\">Queda prohibido copiar, reproducir, distribuir, publicar, transmitir, difundir, o en cualquier modo explotar cualquier parte de este servicio sin la autorizaci\u00f3n previa por escrito de Proyecto 3D Valencia o de los titulares correspondientes. Sin embargo, usted podr\u00e1 bajar material a su computadora personal para uso exclusivamente personal o educacional y no comercial limitado a una copia por p\u00e1gina. Usted no podr\u00e1 remover o alterar de la copia ninguna leyenda de Derechos de Autor o la que manifieste la autor\u00eda del material.<\/p>\n<p style=\"font-variant-ligatures: normal; font-variant-caps: normal; font-family: Roboto, sans-serif; font-size: 16px; font-style: normal; font-weight: 400; color: #000000;\">\n<\/p><p style=\"font-variant-ligatures: normal; font-variant-caps: normal; font-family: Roboto, sans-serif; font-size: 16px; font-style: normal; font-weight: 400; color: #000000;\"><span style=\"font-size: 16px; font-weight: 600;\">HIPERENLACES<\/span><\/p>\n<p style=\"font-variant-ligatures: normal; font-variant-caps: normal; font-family: Roboto, sans-serif; font-size: 16px; font-style: normal; font-weight: 400; color: #000000;\">www.radarquitectura.es no autoriza el uso de \u00abframes\u00bb, Logos o gr\u00e1ficos. Usted no requiere solicitar permiso para utilizar una liga de hipertexto solo si esta liga lo lleva a www.radarquitectura.es en una ventana separada, y donde el URL de www.radarquitectura.es sea claramente visible, siempre y cuando esta liga no tenga fines comerciales. En cualquier otro caso no se podr\u00e1 realizar ning\u00fan v\u00ednculo a www.radarquitectura.es desde otra web sin el previo y expreso consentimiento por escrito de RADArquitectura.<\/p>\n<p style=\"font-variant-ligatures: normal; font-variant-caps: normal; font-family: Roboto, sans-serif; font-size: 16px; font-style: normal; font-weight: 400; color: #000000;\">\n<\/p><p style=\"font-variant-ligatures: normal; font-variant-caps: normal; font-family: Roboto, sans-serif; font-size: 16px; font-style: normal; font-weight: 400; color: #000000;\"><span style=\"font-size: 16px; font-weight: 600;\">EXPLOTACI\u00d3N COMERCIAL<\/span><\/p>\n<p style=\"font-variant-ligatures: normal; font-variant-caps: normal; font-family: Roboto, sans-serif; font-size: 16px; font-style: normal; font-weight: 400; color: #000000;\">RADArquitectura es la titular, en exclusiva, para la explotaci\u00f3n comercial de www.radarquitectura.es.<\/p>\t\t\t\t\t\t\t\t<\/div>\n\t\t\t\t<\/div>\n\t\t\t\t\t<\/div>\n\t\t<\/div>\n\t\t\t\t\t<\/div>\n\t\t<\/section>\n\t\t\t\t<\/div>\n\t\t","protected":false},"excerpt":{"rendered":"<p>DERECHOS RESERVADOS \u00a9 Derechos Reservados 2022 RAD3dstudio Todos los Derechos Reservados. \u00a9 Derechos Reservados 2022 www.rad3d.studio Derechos de Contenido Reservados. DERECHOS DE AUTOR Todos los contenidos de este Sitio (Incluyendo, pero no limitado a, texto, logotipos, contenido, fotograf\u00edas, audio, botones, nombres comerciales y v\u00eddeo) est\u00e1n sujetos a derechos de propiedad por las leyes de Derechos [&hellip;]<\/p>\n","protected":false},"author":1,"featured_media":0,"parent":0,"menu_order":0,"comment_status":"closed","ping_status":"closed","template":"elementor_header_footer","meta":{"footnotes":""},"class_list":["post-383","page","type-page","status-publish","hentry","entry"],"yoast_head":"<!-- This site is optimized with the Yoast SEO plugin v27.4 - https:\/\/yoast.com\/product\/yoast-seo-wordpress\/ -->\n<title>Derechos Reservados - RAD Arquitectura<\/title>\n<meta name=\"robots\" content=\"index, follow, max-snippet:-1, max-image-preview:large, max-video-preview:-1\" \/>\n<link rel=\"canonical\" href=\"https:\/\/www.radarquitectura.es\/?page_id=383\" \/>\n<meta property=\"og:locale\" content=\"es_ES\" \/>\n<meta property=\"og:type\" content=\"article\" \/>\n<meta property=\"og:title\" content=\"Derechos Reservados - RAD Arquitectura\" \/>\n<meta property=\"og:description\" content=\"DERECHOS RESERVADOS \u00a9 Derechos Reservados 2022 RAD3dstudio Todos los Derechos Reservados. \u00a9 Derechos Reservados 2022 www.rad3d.studio Derechos de Contenido Reservados. DERECHOS DE AUTOR Todos los contenidos de este Sitio (Incluyendo, pero no limitado a, texto, logotipos, contenido, fotograf\u00edas, audio, botones, nombres comerciales y v\u00eddeo) est\u00e1n sujetos a derechos de propiedad por las leyes de Derechos [&hellip;]\" \/>\n<meta property=\"og:url\" content=\"https:\/\/www.radarquitectura.es\/?page_id=383\" \/>\n<meta property=\"og:site_name\" content=\"RAD Arquitectura\" \/>\n<meta property=\"article:modified_time\" content=\"2023-10-17T17:33:47+00:00\" \/>\n<meta name=\"twitter:card\" content=\"summary_large_image\" \/>\n<meta name=\"twitter:label1\" content=\"Tiempo de lectura\" \/>\n\t<meta name=\"twitter:data1\" content=\"2 minutos\" \/>\n<script type=\"application\/ld+json\" class=\"yoast-schema-graph\">{\"@context\":\"https:\\\/\\\/schema.org\",\"@graph\":[{\"@type\":\"WebPage\",\"@id\":\"https:\\\/\\\/www.radarquitectura.es\\\/?page_id=383\",\"url\":\"https:\\\/\\\/www.radarquitectura.es\\\/?page_id=383\",\"name\":\"Derechos Reservados - RAD Arquitectura\",\"isPartOf\":{\"@id\":\"https:\\\/\\\/www.radarquitectura.es\\\/#website\"},\"datePublished\":\"2023-10-17T15:35:13+00:00\",\"dateModified\":\"2023-10-17T17:33:47+00:00\",\"breadcrumb\":{\"@id\":\"https:\\\/\\\/www.radarquitectura.es\\\/?page_id=383#breadcrumb\"},\"inLanguage\":\"es\",\"potentialAction\":[{\"@type\":\"ReadAction\",\"target\":[\"https:\\\/\\\/www.radarquitectura.es\\\/?page_id=383\"]}]},{\"@type\":\"BreadcrumbList\",\"@id\":\"https:\\\/\\\/www.radarquitectura.es\\\/?page_id=383#breadcrumb\",\"itemListElement\":[{\"@type\":\"ListItem\",\"position\":1,\"name\":\"Home\",\"item\":\"https:\\\/\\\/www.radarquitectura.es\\\/\"},{\"@type\":\"ListItem\",\"position\":2,\"name\":\"Derechos Reservados\"}]},{\"@type\":\"WebSite\",\"@id\":\"https:\\\/\\\/www.radarquitectura.es\\\/#website\",\"url\":\"https:\\\/\\\/www.radarquitectura.es\\\/\",\"name\":\"RAD Arquitectura\",\"description\":\"Arquitectura, reformas e interiorsmo\",\"publisher\":{\"@id\":\"https:\\\/\\\/www.radarquitectura.es\\\/#organization\"},\"potentialAction\":[{\"@type\":\"SearchAction\",\"target\":{\"@type\":\"EntryPoint\",\"urlTemplate\":\"https:\\\/\\\/www.radarquitectura.es\\\/?s={search_term_string}\"},\"query-input\":{\"@type\":\"PropertyValueSpecification\",\"valueRequired\":true,\"valueName\":\"search_term_string\"}}],\"inLanguage\":\"es\"},{\"@type\":\"Organization\",\"@id\":\"https:\\\/\\\/www.radarquitectura.es\\\/#organization\",\"name\":\"RAD Arquitectura\",\"url\":\"https:\\\/\\\/www.radarquitectura.es\\\/\",\"logo\":{\"@type\":\"ImageObject\",\"inLanguage\":\"es\",\"@id\":\"https:\\\/\\\/www.radarquitectura.es\\\/#\\\/schema\\\/logo\\\/image\\\/\",\"url\":\"https:\\\/\\\/www.radarquitectura.es\\\/wp-content\\\/uploads\\\/2023\\\/10\\\/cropped-cropped-LOGO-RAD-PAPA2.png\",\"contentUrl\":\"https:\\\/\\\/www.radarquitectura.es\\\/wp-content\\\/uploads\\\/2023\\\/10\\\/cropped-cropped-LOGO-RAD-PAPA2.png\",\"width\":153,\"height\":88,\"caption\":\"RAD Arquitectura\"},\"image\":{\"@id\":\"https:\\\/\\\/www.radarquitectura.es\\\/#\\\/schema\\\/logo\\\/image\\\/\"}}]}<\/script>\n<!-- \/ Yoast SEO plugin. -->","yoast_head_json":{"title":"Derechos Reservados - RAD Arquitectura","robots":{"index":"index","follow":"follow","max-snippet":"max-snippet:-1","max-image-preview":"max-image-preview:large","max-video-preview":"max-video-preview:-1"},"canonical":"https:\/\/www.radarquitectura.es\/?page_id=383","og_locale":"es_ES","og_type":"article","og_title":"Derechos Reservados - RAD Arquitectura","og_description":"DERECHOS RESERVADOS \u00a9 Derechos Reservados 2022 RAD3dstudio Todos los Derechos Reservados. \u00a9 Derechos Reservados 2022 www.rad3d.studio Derechos de Contenido Reservados. DERECHOS DE AUTOR Todos los contenidos de este Sitio (Incluyendo, pero no limitado a, texto, logotipos, contenido, fotograf\u00edas, audio, botones, nombres comerciales y v\u00eddeo) est\u00e1n sujetos a derechos de propiedad por las leyes de Derechos [&hellip;]","og_url":"https:\/\/www.radarquitectura.es\/?page_id=383","og_site_name":"RAD Arquitectura","article_modified_time":"2023-10-17T17:33:47+00:00","twitter_card":"summary_large_image","twitter_misc":{"Tiempo de lectura":"2 minutos"},"schema":{"@context":"https:\/\/schema.org","@graph":[{"@type":"WebPage","@id":"https:\/\/www.radarquitectura.es\/?page_id=383","url":"https:\/\/www.radarquitectura.es\/?page_id=383","name":"Derechos Reservados - RAD Arquitectura","isPartOf":{"@id":"https:\/\/www.radarquitectura.es\/#website"},"datePublished":"2023-10-17T15:35:13+00:00","dateModified":"2023-10-17T17:33:47+00:00","breadcrumb":{"@id":"https:\/\/www.radarquitectura.es\/?page_id=383#breadcrumb"},"inLanguage":"es","potentialAction":[{"@type":"ReadAction","target":["https:\/\/www.radarquitectura.es\/?page_id=383"]}]},{"@type":"BreadcrumbList","@id":"https:\/\/www.radarquitectura.es\/?page_id=383#breadcrumb","itemListElement":[{"@type":"ListItem","position":1,"name":"Home","item":"https:\/\/www.radarquitectura.es\/"},{"@type":"ListItem","position":2,"name":"Derechos Reservados"}]},{"@type":"WebSite","@id":"https:\/\/www.radarquitectura.es\/#website","url":"https:\/\/www.radarquitectura.es\/","name":"RAD Arquitectura","description":"Arquitectura, reformas e interiorsmo","publisher":{"@id":"https:\/\/www.radarquitectura.es\/#organization"},"potentialAction":[{"@type":"SearchAction","target":{"@type":"EntryPoint","urlTemplate":"https:\/\/www.radarquitectura.es\/?s={search_term_string}"},"query-input":{"@type":"PropertyValueSpecification","valueRequired":true,"valueName":"search_term_string"}}],"inLanguage":"es"},{"@type":"Organization","@id":"https:\/\/www.radarquitectura.es\/#organization","name":"RAD Arquitectura","url":"https:\/\/www.radarquitectura.es\/","logo":{"@type":"ImageObject","inLanguage":"es","@id":"https:\/\/www.radarquitectura.es\/#\/schema\/logo\/image\/","url":"https:\/\/www.radarquitectura.es\/wp-content\/uploads\/2023\/10\/cropped-cropped-LOGO-RAD-PAPA2.png","contentUrl":"https:\/\/www.radarquitectura.es\/wp-content\/uploads\/2023\/10\/cropped-cropped-LOGO-RAD-PAPA2.png","width":153,"height":88,"caption":"RAD Arquitectura"},"image":{"@id":"https:\/\/www.radarquitectura.es\/#\/schema\/logo\/image\/"}}]}},"_links":{"self":[{"href":"https:\/\/www.radarquitectura.es\/index.php?rest_route=\/wp\/v2\/pages\/383","targetHints":{"allow":["GET"]}}],"collection":[{"href":"https:\/\/www.radarquitectura.es\/index.php?rest_route=\/wp\/v2\/pages"}],"about":[{"href":"https:\/\/www.radarquitectura.es\/index.php?rest_route=\/wp\/v2\/types\/page"}],"author":[{"embeddable":true,"href":"https:\/\/www.radarquitectura.es\/index.php?rest_route=\/wp\/v2\/users\/1"}],"replies":[{"embeddable":true,"href":"https:\/\/www.radarquitectura.es\/index.php?rest_route=%2Fwp%2Fv2%2Fcomments&post=383"}],"version-history":[{"count":11,"href":"https:\/\/www.radarquitectura.es\/index.php?rest_route=\/wp\/v2\/pages\/383\/revisions"}],"predecessor-version":[{"id":465,"href":"https:\/\/www.radarquitectura.es\/index.php?rest_route=\/wp\/v2\/pages\/383\/revisions\/465"}],"wp:attachment":[{"href":"https:\/\/www.radarquitectura.es\/index.php?rest_route=%2Fwp%2Fv2%2Fmedia&parent=383"}],"curies":[{"name":"wp","href":"https:\/\/api.w.org\/{rel}","templated":true}]}}